{"id":18697,"date":"2021-06-01T12:29:15","date_gmt":"2021-06-01T12:29:15","guid":{"rendered":"https:\/\/www.colornyomda.hu\/nyomdai-viszonteladoi-program\/"},"modified":"2022-09-09T12:57:58","modified_gmt":"2022-09-09T12:57:58","slug":"wiederverkaeufer","status":"publish","type":"page","link":"https:\/\/www.colornyomda.hu\/de\/wiederverkaeufer\/","title":{"rendered":"Wiederverk\u00e4ufer"},"content":{"rendered":"\t\t<div data-elementor-type=\"wp-page\" data-elementor-id=\"18697\" class=\"elementor elementor-18697 elementor-7775\" data-elementor-post-type=\"page\">\n\t\t\t\t\t\t<section class=\"elementor-section elementor-top-section elementor-element elementor-element-1ca34f3 overlay_4 fixed_bg elementor-section-boxed elementor-section-height-default elementor-section-height-default\" data-id=\"1ca34f3\" data-element_type=\"section\" data-e-type=\"section\" data-settings=\"{&quot;background_background&quot;:&quot;classic&quot;,&quot;shape_divider_bottom&quot;:&quot;arrow&quot;}\">\n\t\t\t\t\t<div class=\"elementor-shape elementor-shape-bottom\" aria-hidden=\"true\" data-negative=\"false\">\n\t\t\t<svg xmlns=\"http:\/\/www.w3.org\/2000\/svg\" viewBox=\"0 0 700 10\" preserveAspectRatio=\"none\">\n\t<path class=\"elementor-shape-fill\" d=\"M350,10L340,0h20L350,10z\"\/>\n<\/svg>\t\t<\/div>\n\t\t\t\t\t<div class=\"elementor-container elementor-column-gap-default\">\n\t\t\t\t\t<div class=\"elementor-column elementor-col-100 elementor-top-column elementor-element elementor-element-1ca40e9\" data-id=\"1ca40e9\" data-element_type=\"column\" data-e-type=\"column\">\n\t\t\t<div class=\"elementor-widget-wrap elementor-element-populated\">\n\t\t\t\t\t\t<div class=\"elementor-element elementor-element-1ca4709 elementor-widget elementor-widget-vc_custom_heading\" data-id=\"1ca4709\" data-element_type=\"widget\" data-e-type=\"widget\" data-widget_type=\"vc_custom_heading.default\">\n\t\t\t\t<div class=\"elementor-widget-container\">\n\t\t\t\t\t<div class=\" vc_custom_heading  consulting_heading_font  text_align_center has_subtitle title_no_stripe\" ><h2 style=\"font-size: 32px;color: #ffffff;text-align: center;line-height: 28px;font-weight:700\" class=\"consulting-custom-title\">Die <mark>beste<\/mark> Qualit\u00e4t \n<span class=\"subtitle\" style=\"color:#ffffff\">zum besten verf\u00fcgbaren Preis<\/span><\/h2><\/div>\t\t\t\t<\/div>\n\t\t\t\t<\/div>\n\t\t\t\t\t<\/div>\n\t\t<\/div>\n\t\t\t\t\t<\/div>\n\t\t<\/section>\n\t\t\t\t<section class=\"elementor-section elementor-top-section elementor-element elementor-element-550057c elementor-section-boxed elementor-section-height-default elementor-section-height-default\" data-id=\"550057c\" data-element_type=\"section\" data-e-type=\"section\">\n\t\t\t\t\t\t<div class=\"elementor-container elementor-column-gap-default\">\n\t\t\t\t\t<div class=\"elementor-column elementor-col-100 elementor-top-column elementor-element elementor-element-d32ec4d\" data-id=\"d32ec4d\" data-element_type=\"column\" data-e-type=\"column\">\n\t\t\t<div class=\"elementor-widget-wrap elementor-element-populated\">\n\t\t\t\t\t\t<div class=\"elementor-element elementor-element-5fe1fd6 elementor-widget elementor-widget-heading\" data-id=\"5fe1fd6\" data-element_type=\"widget\" data-e-type=\"widget\" data-widget_type=\"heading.default\">\n\t\t\t\t<div class=\"elementor-widget-container\">\n\t\t\t\t\t<h1 class=\"elementor-heading-title elementor-size-default\">Reseller-Programm f\u00fcr den Hersteller<\/h1>\t\t\t\t<\/div>\n\t\t\t\t<\/div>\n\t\t\t\t\t<\/div>\n\t\t<\/div>\n\t\t\t\t\t<\/div>\n\t\t<\/section>\n\t\t\t\t<section class=\"elementor-section elementor-top-section elementor-element elementor-element-1ca4a62 elementor-section-boxed elementor-section-height-default elementor-section-height-default\" data-id=\"1ca4a62\" data-element_type=\"section\" data-e-type=\"section\" data-settings=\"{&quot;background_background&quot;:&quot;classic&quot;}\">\n\t\t\t\t\t\t<div class=\"elementor-container elementor-column-gap-default\">\n\t\t\t\t\t<div class=\"elementor-column elementor-col-100 elementor-top-column elementor-element elementor-element-1ca51bd\" data-id=\"1ca51bd\" data-element_type=\"column\" data-e-type=\"column\">\n\t\t\t<div class=\"elementor-widget-wrap elementor-element-populated\">\n\t\t\t\t\t\t<div class=\"elementor-element elementor-element-1ca5a52 elementor-widget elementor-widget-text-editor\" data-id=\"1ca5a52\" data-element_type=\"widget\" data-e-type=\"widget\" data-widget_type=\"text-editor.default\">\n\t\t\t\t<div class=\"elementor-widget-container\">\n\t\t\t\t\t\t\t\t\t<p>Sie wollen Ihren Kundenstamm erweitern oder planen neue Bereiche und Dienstleistungen in Ihr Portfolio aufzunehmen? Als Designer, als Grafiker k\u00f6nnen Sie in einem neuen, finanziell stabilen Bereich Fu\u00df fassen. W\u00e4hlen Sie Color Druckerei als Ihren Partner, und genie\u00dfen Sie die Vorteile!<\/p>\n<ul>\n<li>G\u00fcnstige Preise f\u00fcr Druckereien<\/li>\n<li>Eigener Maschinenpark<\/li>\n<li>Zuverl\u00e4ssige, dauerhafte Profis<\/li>\n<li>Breite Produktpalette<\/li>\n<li>Genaue Fristen<\/li>\n<li>Flexible Lieferbedingungen<\/li>\n<\/ul>\n<p>Unsere Druckerei bedient ihre Kunden seit 2012. Sowohl im traditionellen als auch im modernen Digitaldruckverfahren arbeiten wir mit herausragenden Fachleuten zusammen, die f\u00fcr gleichbleibend einwandfreie Qualit\u00e4t und Termintreue sorgen. Wir bieten unseren Kunden eine umfassende Palette von Druckdienstleistungen, wir arbeiten mit unserem eigenen Maschinenpark und einem festen Team.<\/p>\n<p>Unser Motto: Unser Motto: Drucken innerhalb kurzer Zeit. Wir kennen keine unm\u00f6gliche Anfrage oder Aufgabe, wir sind st\u00e4ndig in mehreren Schichtpl\u00e4nen verf\u00fcgbar.<\/p>\n<p>Unsere Wiederverk\u00e4uferpreise und die einwandfreie Qualit\u00e4t unserer Arbeit sind nicht nur auf den heimischen, sondern auch auf den internationalen M\u00e4rkten maximal wettbewerbsf\u00e4hig. Ob es sich um einen digitalen Auftrag mit geringem Volumen oder eine Sonderausgabe mit hohem Volumen handelt, wir haben nur professionelle L\u00f6sungen.<\/p>\n\t\t\t\t\t\t\t\t<\/div>\n\t\t\t\t<\/div>\n\t\t\t\t<div class=\"elementor-element elementor-element-b3f5172 elementor-widget elementor-widget-heading\" data-id=\"b3f5172\" data-element_type=\"widget\" data-e-type=\"widget\" data-widget_type=\"heading.default\">\n\t\t\t\t<div class=\"elementor-widget-container\">\n\t\t\t\t\t<h2 class=\"elementor-heading-title elementor-size-default\">Wof\u00fcr stehen wir Ihnen zur Verf\u00fcgung?<\/h2>\t\t\t\t<\/div>\n\t\t\t\t<\/div>\n\t\t\t\t<div class=\"elementor-element elementor-element-2ebffa6 elementor-widget elementor-widget-text-editor\" data-id=\"2ebffa6\" data-element_type=\"widget\" data-e-type=\"widget\" data-widget_type=\"text-editor.default\">\n\t\t\t\t<div class=\"elementor-widget-container\">\n\t\t\t\t\t\t\t\t\t<ul>\n<li>Produktion und kundenspezifisches Design von Displays, Ausstellungsmaterialien und POS-Materialien<\/li>\n<li>Platten- und Glasdruck mit einer speziellen Gro\u00dfformatmaschine<\/li>\n<li>Papier-, Holz-, Kunststoff-, Leder- und Textilzuschnitt mit einer speziellen Z\u00fcnd Maschine<\/li>\n<li>Aufkleber, Poster, Mesh und Dekorationsdruck<\/li>\n<li>Herstellung und Gestaltung von Briefumschl\u00e4gen, Briefpapier, Visitenkarten, Flyern, Selbstausdrucken und anderen Drucksachen<\/li>\n<li>Stempelproduktion<\/li>\n<\/ul>\n<h4>Wir warten auf jeden unserer Kunden mit ausgezeichneter Qualit\u00e4t und einem g\u00fcnstigen Preis.<\/h4>\n<p>Wenn Sie Fragen haben, k\u00f6nnen Sie sich gerne an uns wenden.<\/p>\n\t\t\t\t\t\t\t\t<\/div>\n\t\t\t\t<\/div>\n\t\t\t\t\t<\/div>\n\t\t<\/div>\n\t\t\t\t\t<\/div>\n\t\t<\/section>\n\t\t\t\t<section class=\"elementor-section elementor-top-section elementor-element elementor-element-1c9e1a8 elementor-section-full_width elementor-section-content-top elementor-section-height-default elementor-section-height-default\" data-id=\"1c9e1a8\" data-element_type=\"section\" data-e-type=\"section\" data-settings=\"{&quot;background_background&quot;:&quot;classic&quot;}\">\n\t\t\t\t\t\t<div class=\"elementor-container elementor-column-gap-no\">\n\t\t\t\t\t<div class=\"elementor-column elementor-col-100 elementor-top-column elementor-element elementor-element-1c9e930\" data-id=\"1c9e930\" data-element_type=\"column\" data-e-type=\"column\">\n\t\t\t<div class=\"elementor-widget-wrap elementor-element-populated\">\n\t\t\t\t\t\t<div class=\"elementor-element elementor-element-d9ae7ba elementor-widget elementor-widget-video\" data-id=\"d9ae7ba\" data-element_type=\"widget\" data-e-type=\"widget\" data-settings=\"{&quot;youtube_url&quot;:&quot;https:\\\/\\\/www.youtube.com\\\/watch?v=YBFyVygrSX4&quot;,&quot;loop&quot;:&quot;yes&quot;,&quot;lazy_load&quot;:&quot;yes&quot;,&quot;video_type&quot;:&quot;youtube&quot;,&quot;controls&quot;:&quot;yes&quot;}\" data-widget_type=\"video.default\">\n\t\t\t\t<div class=\"elementor-widget-container\">\n\t\t\t\t\t\t\t<div class=\"elementor-wrapper elementor-open-inline\">\n\t\t\t<div class=\"elementor-video\"><\/div>\t\t<\/div>\n\t\t\t\t\t\t<\/div>\n\t\t\t\t<\/div>\n\t\t\t\t\t<\/div>\n\t\t<\/div>\n\t\t\t\t\t<\/div>\n\t\t<\/section>\n\t\t\t\t<\/div>\n\t\t","protected":false},"excerpt":{"rendered":"<p>Die beste Qualit\u00e4t zum besten verf\u00fcgbaren Preis Reseller-Programm f\u00fcr den Hersteller Sie wollen Ihren Kundenstamm erweitern oder planen neue Bereiche und Dienstleistungen in Ihr Portfolio aufzunehmen? Als Designer, als Grafiker k\u00f6nnen Sie in einem neuen, finanziell stabilen Bereich Fu\u00df fassen. W\u00e4hlen Sie Color Druckerei als Ihren Partner, und genie\u00dfen Sie die Vorteile! G\u00fcnstige Preise f\u00fcr<\/p>\n","protected":false},"author":5,"featured_media":0,"parent":0,"menu_order":0,"comment_status":"closed","ping_status":"closed","template":"","meta":{"_seopress_robots_primary_cat":"","_seopress_titles_title":"F\u00fcr Wiederverk\u00e4ufer | Farbendruckerei","_seopress_titles_desc":"Planen Sie, Ihr Portfolio um neue Dienstleistungen zu erweitern? W\u00e4hlen Sie Color Druckerei als Ihren Partner und genie\u00dfen Sie die Vorteile!","_seopress_robots_index":"","footnotes":""},"class_list":["post-18697","page","type-page","status-publish","hentry"],"_links":{"self":[{"href":"https:\/\/www.colornyomda.hu\/de\/wp-json\/wp\/v2\/pages\/18697","targetHints":{"allow":["GET"]}}],"collection":[{"href":"https:\/\/www.colornyomda.hu\/de\/wp-json\/wp\/v2\/pages"}],"about":[{"href":"https:\/\/www.colornyomda.hu\/de\/wp-json\/wp\/v2\/types\/page"}],"author":[{"embeddable":true,"href":"https:\/\/www.colornyomda.hu\/de\/wp-json\/wp\/v2\/users\/5"}],"replies":[{"embeddable":true,"href":"https:\/\/www.colornyomda.hu\/de\/wp-json\/wp\/v2\/comments?post=18697"}],"version-history":[{"count":0,"href":"https:\/\/www.colornyomda.hu\/de\/wp-json\/wp\/v2\/pages\/18697\/revisions"}],"wp:attachment":[{"href":"https:\/\/www.colornyomda.hu\/de\/wp-json\/wp\/v2\/media?parent=18697"}],"curies":[{"name":"wp","href":"https:\/\/api.w.org\/{rel}","templated":true}]}}