{"id":18694,"date":"2016-01-07T04:23:21","date_gmt":"2016-01-07T04:23:21","guid":{"rendered":"https:\/\/www.colornyomda.hu\/nyomdai-anyagleadas-pdf-iras-lepesrol-lepesre\/"},"modified":"2022-09-09T12:57:38","modified_gmt":"2022-09-09T12:57:38","slug":"pdf-schreiben","status":"publish","type":"page","link":"https:\/\/www.colornyomda.hu\/de\/pdf-schreiben\/","title":{"rendered":"PDF schreiben"},"content":{"rendered":"\t\t<div data-elementor-type=\"wp-page\" data-elementor-id=\"18694\" class=\"elementor elementor-18694 elementor-377\" data-elementor-post-type=\"page\">\n\t\t\t\t\t\t<section class=\"elementor-section elementor-top-section elementor-element elementor-element-e7697b7 elementor-section-boxed elementor-section-height-default elementor-section-height-default\" data-id=\"e7697b7\" data-element_type=\"section\" data-e-type=\"section\" data-settings=\"{&quot;background_background&quot;:&quot;classic&quot;}\">\n\t\t\t\t\t\t<div class=\"elementor-container elementor-column-gap-default\">\n\t\t\t\t\t<div class=\"elementor-column elementor-col-75 elementor-top-column elementor-element elementor-element-e769f91\" data-id=\"e769f91\" data-element_type=\"column\" data-e-type=\"column\">\n\t\t\t<div class=\"elementor-widget-wrap elementor-element-populated\">\n\t\t\t\t\t\t<div class=\"elementor-element elementor-element-e76a625 elementor-widget elementor-widget-image\" data-id=\"e76a625\" data-element_type=\"widget\" data-e-type=\"widget\" data-widget_type=\"image.default\">\n\t\t\t\t<div class=\"elementor-widget-container\">\n\t\t\t\t\t\t\t\t\t\t\t\t\t\t\t<img decoding=\"async\" width=\"1024\" height=\"448\" src=\"https:\/\/www.colornyomda.hu\/wp-content\/uploads\/2021\/05\/color-nyomda-06-1024x448.jpg\" class=\"attachment-large size-large wp-image-16768\" alt=\"pdf \u00edr\u00e1s\" srcset=\"https:\/\/www.colornyomda.hu\/wp-content\/uploads\/2021\/05\/color-nyomda-06-1024x448.jpg 1024w, https:\/\/www.colornyomda.hu\/wp-content\/uploads\/2021\/05\/color-nyomda-06-300x131.jpg 300w, https:\/\/www.colornyomda.hu\/wp-content\/uploads\/2021\/05\/color-nyomda-06-768x336.jpg 768w, https:\/\/www.colornyomda.hu\/wp-content\/uploads\/2021\/05\/color-nyomda-06-900x394.jpg 900w, https:\/\/www.colornyomda.hu\/wp-content\/uploads\/2021\/05\/color-nyomda-06.jpg 1120w\" sizes=\"(max-width: 1024px) 100vw, 1024px\" \/>\t\t\t\t\t\t\t\t\t\t\t\t\t\t\t<\/div>\n\t\t\t\t<\/div>\n\t\t\t\t<div class=\"elementor-element elementor-element-e76bb1a elementor-widget elementor-widget-text-editor\" data-id=\"e76bb1a\" data-element_type=\"widget\" data-e-type=\"widget\" data-widget_type=\"text-editor.default\">\n\t\t\t\t<div class=\"elementor-widget-container\">\n\t\t\t\t\t\t\t\t\t<h1>PDF schreiben Schritt f\u00fcr Schritt<\/h1>\n<p>Nat\u00fcrlich k\u00f6nnen die Einstellungen in unterschiedlicher Software unterschiedlich sein, aber die grundlegenden Namen, wie z. B. Anschnitt, Schnittmarken, sind in der Regel in jeder Software gleich. Office-Produkte enthalten diese Art von Einstellungen nicht, da sie nicht f\u00fcr die Druckvorstufe erfunden wurden.<\/p>\n<p>Wenn Sie Adobe InDesign verwenden, gehen Sie wie folgt vor:<\/p>\n\t\t\t\t\t\t\t\t<\/div>\n\t\t\t\t<\/div>\n\t\t\t\t<div class=\"elementor-element elementor-element-e76bef1 elementor-widget elementor-widget-stm_company_history\" data-id=\"e76bef1\" data-element_type=\"widget\" data-e-type=\"widget\" data-widget_type=\"stm_company_history.default\">\n\t\t\t\t<div class=\"elementor-widget-container\">\n\t\t\t\t\t\n\t<div class=\"company_history style_1\">\n\t\t<ul>\n\t\t\t\t<li>\n\t\t\t\t\t\t<div class=\"year\">1<\/div>\n\t\t\t\t\t\t<div class=\"sep\"><\/div>\n\t\t\t\t<div class=\"company_history_text\">\n\t\t\t\t\t\t\t<h4 class=\"no_stripe company_history_top_title\">File -&gt; Adobe PDF Presets -&gt; PDF\/X3 oder PDF\/X1<\/h4>\n\t\t\t<p>Verwenden Sie die integrierten Profile, diese enthalten bereits die meisten Einstellungen korrekt.<\/p>\n<p><a href=\"https:\/\/colornyomda.hu\/wp-content\/uploads\/2021\/05\/pdf-iras-nyomdai-anyagleaadas-color-nyomda-01-elso-lepes.jpg\"><img decoding=\"async\" class=\"alignleft wp-image-7710 size-full\" src=\"https:\/\/colornyomda.hu\/wp-content\/uploads\/2021\/05\/pdf-iras-nyomdai-anyagleaadas-color-nyomda-01-elso-lepes.jpg\" alt=\"pdf \u00edr\u00e1s\" width=\"1020\" height=\"1050\" srcset=\"https:\/\/www.colornyomda.hu\/wp-content\/uploads\/2021\/05\/pdf-iras-nyomdai-anyagleaadas-color-nyomda-01-elso-lepes.jpg 1020w, https:\/\/www.colornyomda.hu\/wp-content\/uploads\/2021\/05\/pdf-iras-nyomdai-anyagleaadas-color-nyomda-01-elso-lepes-291x300.jpg 291w, https:\/\/www.colornyomda.hu\/wp-content\/uploads\/2021\/05\/pdf-iras-nyomdai-anyagleaadas-color-nyomda-01-elso-lepes-995x1024.jpg 995w, https:\/\/www.colornyomda.hu\/wp-content\/uploads\/2021\/05\/pdf-iras-nyomdai-anyagleaadas-color-nyomda-01-elso-lepes-768x791.jpg 768w, https:\/\/www.colornyomda.hu\/wp-content\/uploads\/2021\/05\/pdf-iras-nyomdai-anyagleaadas-color-nyomda-01-elso-lepes-50x50.jpg 50w, https:\/\/www.colornyomda.hu\/wp-content\/uploads\/2021\/05\/pdf-iras-nyomdai-anyagleaadas-color-nyomda-01-elso-lepes-900x926.jpg 900w\" sizes=\"(max-width: 1020px) 100vw, 1020px\" \/><\/a><\/p>\n\t\t\t\t<\/div>\n\t\t\t<\/li>\n\t\t\t\t<li>\n\t\t\t\t\t\t<div class=\"year\">2<\/div>\n\t\t\t\t\t\t<div class=\"sep\"><\/div>\n\t\t\t\t<div class=\"company_history_text\">\n\t\t\t\t\t\t\t<h4 class=\"no_stripe company_history_top_title\">General<\/h4>\n\t\t\t<p>Im Fenster \u201eGeneral\u201c werden die Seiten: All ist Export as: Seiteneinstellungen m\u00fcssen ausgew\u00e4hlt sein. In diesem Fall werden alle Seiten des Dokuments zusammen mit den leeren Seiten (dies ist aufgrund des Starts wichtig) in einer Datei geschrieben.<\/p>\n<p><a href=\"https:\/\/colornyomda.hu\/wp-content\/uploads\/2021\/05\/pdf-iras-nyomdai-anyagleaadas-color-nyomda-02-masodik-lepes.jpg\"><img decoding=\"async\" class=\"alignleft wp-image-7711 size-full\" src=\"https:\/\/colornyomda.hu\/wp-content\/uploads\/2021\/05\/pdf-iras-nyomdai-anyagleaadas-color-nyomda-02-masodik-lepes.jpg\" alt=\"pdf \u00edr\u00e1s\" width=\"1020\" height=\"1050\" srcset=\"https:\/\/www.colornyomda.hu\/wp-content\/uploads\/2021\/05\/pdf-iras-nyomdai-anyagleaadas-color-nyomda-02-masodik-lepes.jpg 1020w, https:\/\/www.colornyomda.hu\/wp-content\/uploads\/2021\/05\/pdf-iras-nyomdai-anyagleaadas-color-nyomda-02-masodik-lepes-291x300.jpg 291w, https:\/\/www.colornyomda.hu\/wp-content\/uploads\/2021\/05\/pdf-iras-nyomdai-anyagleaadas-color-nyomda-02-masodik-lepes-995x1024.jpg 995w, https:\/\/www.colornyomda.hu\/wp-content\/uploads\/2021\/05\/pdf-iras-nyomdai-anyagleaadas-color-nyomda-02-masodik-lepes-768x791.jpg 768w, https:\/\/www.colornyomda.hu\/wp-content\/uploads\/2021\/05\/pdf-iras-nyomdai-anyagleaadas-color-nyomda-02-masodik-lepes-50x50.jpg 50w, https:\/\/www.colornyomda.hu\/wp-content\/uploads\/2021\/05\/pdf-iras-nyomdai-anyagleaadas-color-nyomda-02-masodik-lepes-900x926.jpg 900w\" sizes=\"(max-width: 1020px) 100vw, 1020px\" \/><\/a><\/p>\n\t\t\t\t<\/div>\n\t\t\t<\/li>\n\t\t\t\t<li>\n\t\t\t\t\t\t<div class=\"year\">3<\/div>\n\t\t\t\t\t\t<div class=\"sep\"><\/div>\n\t\t\t\t<div class=\"company_history_text\">\n\t\t\t\t\t\t\t<h4 class=\"no_stripe company_history_top_title\">Compression<\/h4>\n\t\t\t<p>Wenn Sie im Fenster Compression die von uns vorgeschlagene PDF-Voreinstellung verwenden, sollten Sie die im Bild gezeigten Einstellungen sehen.<\/p>\n<p><a href=\"https:\/\/colornyomda.hu\/wp-content\/uploads\/2021\/05\/pdf-iras-nyomdai-anyagleaadas-color-nyomda-03-harmadik-lepes.jpg\"><img decoding=\"async\" class=\"alignleft wp-image-7712 size-full\" src=\"https:\/\/colornyomda.hu\/wp-content\/uploads\/2021\/05\/pdf-iras-nyomdai-anyagleaadas-color-nyomda-03-harmadik-lepes.jpg\" alt=\"pdf \u00edr\u00e1s\" width=\"1020\" height=\"1050\" srcset=\"https:\/\/www.colornyomda.hu\/wp-content\/uploads\/2021\/05\/pdf-iras-nyomdai-anyagleaadas-color-nyomda-03-harmadik-lepes.jpg 1020w, https:\/\/www.colornyomda.hu\/wp-content\/uploads\/2021\/05\/pdf-iras-nyomdai-anyagleaadas-color-nyomda-03-harmadik-lepes-291x300.jpg 291w, https:\/\/www.colornyomda.hu\/wp-content\/uploads\/2021\/05\/pdf-iras-nyomdai-anyagleaadas-color-nyomda-03-harmadik-lepes-995x1024.jpg 995w, https:\/\/www.colornyomda.hu\/wp-content\/uploads\/2021\/05\/pdf-iras-nyomdai-anyagleaadas-color-nyomda-03-harmadik-lepes-768x791.jpg 768w, https:\/\/www.colornyomda.hu\/wp-content\/uploads\/2021\/05\/pdf-iras-nyomdai-anyagleaadas-color-nyomda-03-harmadik-lepes-50x50.jpg 50w, https:\/\/www.colornyomda.hu\/wp-content\/uploads\/2021\/05\/pdf-iras-nyomdai-anyagleaadas-color-nyomda-03-harmadik-lepes-900x926.jpg 900w\" sizes=\"(max-width: 1020px) 100vw, 1020px\" \/><\/a><\/p>\n\t\t\t\t<\/div>\n\t\t\t<\/li>\n\t\t\t\t<li>\n\t\t\t\t\t\t<div class=\"year\">4<\/div>\n\t\t\t\t\t\t<div class=\"sep\"><\/div>\n\t\t\t\t<div class=\"company_history_text\">\n\t\t\t\t\t\t\t<h4 class=\"no_stripe company_history_top_title\">Marks and Bleeds<\/h4>\n\t\t\t<p>enster Marks and Bleeds: Markieren Sie nur die Crop marks und Registration marks. Geben Sie f\u00fcr den Abschnitt Marks and Bleeds den Wert ein, der auf das Material angewendet wurde (normalerweise in einem 3-mm- oder 5-mm-Kreis). F\u00fcr Offset stellen Sie bitte so viel wie den Beschnittwert ein, damit sich die Signale sicher au\u00dferhalb dieses Bereichs befinden. H\u00e4ngen Sie nicht im Bildmaterial.<\/p>\n<p><a href=\"https:\/\/colornyomda.hu\/wp-content\/uploads\/2021\/05\/pdf-iras-nyomdai-anyagleaadas-color-nyomda-04-negyedik-lepes.jpg\"><img decoding=\"async\" class=\"alignleft wp-image-7713 size-full\" src=\"https:\/\/colornyomda.hu\/wp-content\/uploads\/2021\/05\/pdf-iras-nyomdai-anyagleaadas-color-nyomda-04-negyedik-lepes.jpg\" alt=\"pdf \u00edr\u00e1s\" width=\"1020\" height=\"1050\" srcset=\"https:\/\/www.colornyomda.hu\/wp-content\/uploads\/2021\/05\/pdf-iras-nyomdai-anyagleaadas-color-nyomda-04-negyedik-lepes.jpg 1020w, https:\/\/www.colornyomda.hu\/wp-content\/uploads\/2021\/05\/pdf-iras-nyomdai-anyagleaadas-color-nyomda-04-negyedik-lepes-291x300.jpg 291w, https:\/\/www.colornyomda.hu\/wp-content\/uploads\/2021\/05\/pdf-iras-nyomdai-anyagleaadas-color-nyomda-04-negyedik-lepes-995x1024.jpg 995w, https:\/\/www.colornyomda.hu\/wp-content\/uploads\/2021\/05\/pdf-iras-nyomdai-anyagleaadas-color-nyomda-04-negyedik-lepes-768x791.jpg 768w, https:\/\/www.colornyomda.hu\/wp-content\/uploads\/2021\/05\/pdf-iras-nyomdai-anyagleaadas-color-nyomda-04-negyedik-lepes-50x50.jpg 50w, https:\/\/www.colornyomda.hu\/wp-content\/uploads\/2021\/05\/pdf-iras-nyomdai-anyagleaadas-color-nyomda-04-negyedik-lepes-900x926.jpg 900w\" sizes=\"(max-width: 1020px) 100vw, 1020px\" \/><\/a><\/p>\n\t\t\t\t<\/div>\n\t\t\t<\/li>\n\t\t\t\t<li>\n\t\t\t\t\t\t<div class=\"year\">5<\/div>\n\t\t\t\t\t\t<div class=\"sep\"><\/div>\n\t\t\t\t<div class=\"company_history_text\">\n\t\t\t\t\t\t\t<h4 class=\"no_stripe company_history_top_title\">Output<\/h4>\n\t\t\t<p>m Fenster Output erfolgt die Color conversion: W\u00e4hlen Sie die Wert no color conversion, profile inclusion policy: Option don\u201ct include profiles einbeziehen. Dies vermeidet das Problem von Farbabweichungen bei verschiedenen Profilen.<\/p>\n<p><a href=\"https:\/\/colornyomda.hu\/wp-content\/uploads\/2021\/05\/pdf-iras-nyomdai-anyagleaadas-color-nyomda-05-otodik-lepes.jpg\"><img decoding=\"async\" class=\"alignleft wp-image-7714 size-full\" src=\"https:\/\/colornyomda.hu\/wp-content\/uploads\/2021\/05\/pdf-iras-nyomdai-anyagleaadas-color-nyomda-05-otodik-lepes.jpg\" alt=\"pdf \u00edr\u00e1s\" width=\"1020\" height=\"1050\" srcset=\"https:\/\/www.colornyomda.hu\/wp-content\/uploads\/2021\/05\/pdf-iras-nyomdai-anyagleaadas-color-nyomda-05-otodik-lepes.jpg 1020w, https:\/\/www.colornyomda.hu\/wp-content\/uploads\/2021\/05\/pdf-iras-nyomdai-anyagleaadas-color-nyomda-05-otodik-lepes-291x300.jpg 291w, https:\/\/www.colornyomda.hu\/wp-content\/uploads\/2021\/05\/pdf-iras-nyomdai-anyagleaadas-color-nyomda-05-otodik-lepes-995x1024.jpg 995w, https:\/\/www.colornyomda.hu\/wp-content\/uploads\/2021\/05\/pdf-iras-nyomdai-anyagleaadas-color-nyomda-05-otodik-lepes-768x791.jpg 768w, https:\/\/www.colornyomda.hu\/wp-content\/uploads\/2021\/05\/pdf-iras-nyomdai-anyagleaadas-color-nyomda-05-otodik-lepes-50x50.jpg 50w, https:\/\/www.colornyomda.hu\/wp-content\/uploads\/2021\/05\/pdf-iras-nyomdai-anyagleaadas-color-nyomda-05-otodik-lepes-900x926.jpg 900w\" sizes=\"(max-width: 1020px) 100vw, 1020px\" \/><\/a><\/p>\n\t\t\t\t<\/div>\n\t\t\t<\/li>\n\t\t\t\t<li>\n\t\t\t\t\t\t<div class=\"year\">6<\/div>\n\t\t\t\t\t\t<div class=\"sep\"><\/div>\n\t\t\t\t<div class=\"company_history_text\">\n\t\t\t\t\t\t\t<h4 class=\"no_stripe company_history_top_title\">Export<\/h4>\n\t\t\t<p>Wenn alle Einstellungen korrekt sind, m\u00fcssen Sie nur auf die Schaltfl\u00e4che Export klicken und das Programm wird im Hintergrund gedruckt. Wenn Sie den Prozess \u00fcberwachen m\u00f6chten, \u00f6ffnen Sie das Fenster Window -&amp;gt; Utilities -&amp;gt; Background Tasks, in dem Sie sehen k\u00f6nnen, wohin die Aufgabe f\u00fchrt.<\/p>\n<p><a href=\"https:\/\/colornyomda.hu\/wp-content\/uploads\/2021\/05\/pdf-iras-nyomdai-anyagleaadas-color-nyomda-06-hatodik-lepes.jpg\"><img decoding=\"async\" class=\"alignleft wp-image-7715 size-full\" src=\"https:\/\/colornyomda.hu\/wp-content\/uploads\/2021\/05\/pdf-iras-nyomdai-anyagleaadas-color-nyomda-06-hatodik-lepes.jpg\" alt=\"pdf \u00edr\u00e1s\" width=\"1020\" height=\"1050\" srcset=\"https:\/\/www.colornyomda.hu\/wp-content\/uploads\/2021\/05\/pdf-iras-nyomdai-anyagleaadas-color-nyomda-06-hatodik-lepes.jpg 1020w, https:\/\/www.colornyomda.hu\/wp-content\/uploads\/2021\/05\/pdf-iras-nyomdai-anyagleaadas-color-nyomda-06-hatodik-lepes-291x300.jpg 291w, https:\/\/www.colornyomda.hu\/wp-content\/uploads\/2021\/05\/pdf-iras-nyomdai-anyagleaadas-color-nyomda-06-hatodik-lepes-995x1024.jpg 995w, https:\/\/www.colornyomda.hu\/wp-content\/uploads\/2021\/05\/pdf-iras-nyomdai-anyagleaadas-color-nyomda-06-hatodik-lepes-768x791.jpg 768w, https:\/\/www.colornyomda.hu\/wp-content\/uploads\/2021\/05\/pdf-iras-nyomdai-anyagleaadas-color-nyomda-06-hatodik-lepes-50x50.jpg 50w, https:\/\/www.colornyomda.hu\/wp-content\/uploads\/2021\/05\/pdf-iras-nyomdai-anyagleaadas-color-nyomda-06-hatodik-lepes-900x926.jpg 900w\" sizes=\"(max-width: 1020px) 100vw, 1020px\" \/><\/a><\/p>\n\t\t\t\t<\/div>\n\t\t\t<\/li>\n\t\t\t<\/ul>\n\t<\/div>\n\t\t\t\t\t<\/div>\n\t\t\t\t<\/div>\n\t\t\t\t\t<\/div>\n\t\t<\/div>\n\t\t\t\t<div class=\"elementor-column elementor-col-25 elementor-top-column elementor-element elementor-element-e76c4a9\" data-id=\"e76c4a9\" data-element_type=\"column\" data-e-type=\"column\">\n\t\t\t<div class=\"elementor-widget-wrap elementor-element-populated\">\n\t\t\t\t\t\t<div class=\"elementor-element elementor-element-e76c9cd elementor-widget elementor-widget-stm_sidebar\" data-id=\"e76c9cd\" data-element_type=\"widget\" data-e-type=\"widget\" data-widget_type=\"stm_sidebar.default\">\n\t\t\t\t<div class=\"elementor-widget-container\">\n\t\t\t\t\t\n<div class=\"stm_sidebar consulting_elementor_sidebar\">\n\n            \t\t<div data-elementor-type=\"wp-post\" data-elementor-id=\"18826\" class=\"elementor elementor-18826 elementor-577 elementor-577\" data-elementor-post-type=\"stm_vc_sidebar\">\n\t\t\t\t\t\t<section class=\"elementor-section elementor-top-section elementor-element elementor-element-9b2aca4 elementor-section-boxed elementor-section-height-default elementor-section-height-default\" data-id=\"9b2aca4\" data-element_type=\"section\" data-e-type=\"section\">\n\t\t\t\t\t\t<div class=\"elementor-container elementor-column-gap-default\">\n\t\t\t\t\t<div class=\"elementor-column elementor-col-100 elementor-top-column elementor-element elementor-element-9b2b29d\" data-id=\"9b2b29d\" data-element_type=\"column\" data-e-type=\"column\">\n\t\t\t<div class=\"elementor-widget-wrap elementor-element-populated\">\n\t\t\t\t\t\t<div class=\"elementor-element elementor-element-9b2b6ba elementor-widget elementor-widget-wp-widget-nav_menu\" data-id=\"9b2b6ba\" data-element_type=\"widget\" data-e-type=\"widget\" data-widget_type=\"wp-widget-nav_menu.default\">\n\t\t\t\t<div class=\"elementor-widget-container\">\n\t\t\t\t\t<aside class='widget widget_nav_menu'><div class=\"menu-sidebar-menu-1-de-container\"><ul id=\"menu-sidebar-menu-1-de\" class=\"menu\"><li id=\"menu-item-19317\" class=\"menu-item menu-item-type-post_type menu-item-object-page menu-item-19317\"><a href=\"https:\/\/www.colornyomda.hu\/de\/ueber-uns\/\">\u00dcber uns<\/a><\/li>\n<li id=\"menu-item-19318\" class=\"menu-item menu-item-type-post_type menu-item-object-page menu-item-19318\"><a href=\"https:\/\/www.colornyomda.hu\/de\/referenzen\/\">Referenzen<\/a><\/li>\n<li id=\"menu-item-19319\" class=\"menu-item menu-item-type-post_type menu-item-object-page menu-item-19319\"><a href=\"https:\/\/www.colornyomda.hu\/de\/lieferleitfaden-fuer-druckerei\/\">Lieferleitfaden f\u00fcr Druckerei<\/a><\/li>\n<li id=\"menu-item-19320\" class=\"menu-item menu-item-type-post_type menu-item-object-page menu-item-19320\"><a href=\"https:\/\/www.colornyomda.hu\/de\/maschinenpark\/\">Maschinenpark<\/a><\/li>\n<li id=\"menu-item-19321\" class=\"menu-item menu-item-type-post_type menu-item-object-page menu-item-19321\"><a href=\"https:\/\/www.colornyomda.hu\/de\/wiederverkaeufer\/\">Wiederverk\u00e4ufer<\/a><\/li>\n<li id=\"menu-item-19322\" class=\"menu-item menu-item-type-post_type menu-item-object-page menu-item-19322\"><a href=\"https:\/\/www.colornyomda.hu\/de\/kontakt\/\">Kontakt<\/a><\/li>\n<\/ul><\/div><\/aside>\t\t\t\t<\/div>\n\t\t\t\t<\/div>\n\t\t\t\t\t<\/div>\n\t\t<\/div>\n\t\t\t\t\t<\/div>\n\t\t<\/section>\n\t\t\t\t<section class=\"elementor-section elementor-top-section elementor-element elementor-element-9b2cb77 elementor-section-boxed elementor-section-height-default elementor-section-height-default\" data-id=\"9b2cb77\" data-element_type=\"section\" data-e-type=\"section\" data-settings=\"{&quot;background_background&quot;:&quot;classic&quot;}\">\n\t\t\t\t\t\t<div class=\"elementor-container elementor-column-gap-default\">\n\t\t\t\t\t<div class=\"elementor-column elementor-col-100 elementor-top-column elementor-element elementor-element-9b2ece5\" data-id=\"9b2ece5\" data-element_type=\"column\" data-e-type=\"column\" data-settings=\"{&quot;background_background&quot;:&quot;classic&quot;}\">\n\t\t\t<div class=\"elementor-widget-wrap elementor-element-populated\">\n\t\t\t\t\t\t<div class=\"elementor-element elementor-element-9b3080b elementor-widget elementor-widget-vc_custom_heading\" data-id=\"9b3080b\" data-element_type=\"widget\" data-e-type=\"widget\" data-widget_type=\"vc_custom_heading.default\">\n\t\t\t\t<div class=\"elementor-widget-container\">\n\t\t\t\t\t<div class=\" vc_custom_heading  consulting_heading_font  text_align_left\" ><div style=\"font-size: 16px;color: #222222;text-align: left;font-weight:700\" class=\"consulting-custom-title\">Wie k\u00f6nnen wir Ihnen helfen?\n<\/div><\/div>\t\t\t\t<\/div>\n\t\t\t\t<\/div>\n\t\t\t\t<div class=\"elementor-element elementor-element-9b3172c elementor-widget elementor-widget-text-editor\" data-id=\"9b3172c\" data-element_type=\"widget\" data-e-type=\"widget\" data-widget_type=\"text-editor.default\">\n\t\t\t\t<div class=\"elementor-widget-container\">\n\t\t\t\t\t\t\t\t\t<p>Kontaktieren Sie uns und wir finden die f\u00fcr Sie am besten geeigneten Druckl\u00f6sungen.<\/p>\n\t\t\t\t\t\t\t\t<\/div>\n\t\t\t\t<\/div>\n\t\t\t\t<div class=\"elementor-element elementor-element-9b32625 elementor-widget__width-auto elementor-widget elementor-widget-button\" data-id=\"9b32625\" data-element_type=\"widget\" data-e-type=\"widget\" data-widget_type=\"button.default\">\n\t\t\t\t<div class=\"elementor-widget-container\">\n\t\t\t\t\t\t\t\t\t<div class=\"elementor-button-wrapper icon_align_row  button_block\">\n\t\t\t\t\t<a class=\"elementor-button elementor-button-link elementor-size-md\" href=\"https:\/\/www.colornyomda.hu\/de\/kontakt\/\">\n\t\t\t\t\t\t<span class=\"elementor-button-content-wrapper\">\n\t\t\t\t\t\t<span class=\"elementor-button-icon\">\n\t\t\t\t<i aria-hidden=\"true\" class=\"fa fa-phone-square\"><\/i>\t\t\t<\/span>\n\t\t\t\t\t\t\t\t\t<span class=\"elementor-button-text\">Kontakt<\/span>\n\t\t\t\t\t<\/span>\n\t\t\t\t\t<\/a>\n\t\t\t\t<\/div>\n\t\t\t\t\t\t\t\t<\/div>\n\t\t\t\t<\/div>\n\t\t\t\t\t<\/div>\n\t\t<\/div>\n\t\t\t\t\t<\/div>\n\t\t<\/section>\n\t\t\t\t<section class=\"elementor-section elementor-top-section elementor-element elementor-element-9b32f49 elementor-section-boxed elementor-section-height-default elementor-section-height-default\" data-id=\"9b32f49\" data-element_type=\"section\" data-e-type=\"section\" data-settings=\"{&quot;background_background&quot;:&quot;classic&quot;}\">\n\t\t\t\t\t\t<div class=\"elementor-container elementor-column-gap-default\">\n\t\t\t\t\t<div class=\"elementor-column elementor-col-100 elementor-top-column elementor-element elementor-element-9b3358d\" data-id=\"9b3358d\" data-element_type=\"column\" data-e-type=\"column\">\n\t\t\t<div class=\"elementor-widget-wrap elementor-element-populated\">\n\t\t\t\t\t\t<div class=\"elementor-element elementor-element-9b33a6a elementor-widget elementor-widget-stm_testimonials\" data-id=\"9b33a6a\" data-element_type=\"widget\" data-e-type=\"widget\" data-widget_type=\"stm_testimonials.default\">\n\t\t\t\t<div class=\"elementor-widget-container\">\n\t\t\t\t\t\n\n\t\n\t\t\t\t\t<\/div>\n\t\t\t\t<\/div>\n\t\t\t\t\t<\/div>\n\t\t<\/div>\n\t\t\t\t\t<\/div>\n\t\t<\/section>\n\t\t\t\t<\/div>\n\t\t    \n<\/div>\t\t\t\t<\/div>\n\t\t\t\t<\/div>\n\t\t\t\t\t<\/div>\n\t\t<\/div>\n\t\t\t\t\t<\/div>\n\t\t<\/section>\n\t\t\t\t<\/div>\n\t\t","protected":false},"excerpt":{"rendered":"<p>PDF schreiben Schritt f\u00fcr Schritt Nat\u00fcrlich k\u00f6nnen die Einstellungen in unterschiedlicher Software unterschiedlich sein, aber die grundlegenden Namen, wie z. B. Anschnitt, Schnittmarken, sind in der Regel in jeder Software gleich. Office-Produkte enthalten diese Art von Einstellungen nicht, da sie nicht f\u00fcr die Druckvorstufe erfunden wurden. Wenn Sie Adobe InDesign verwenden, gehen Sie wie folgt<\/p>\n","protected":false},"author":5,"featured_media":0,"parent":0,"menu_order":0,"comment_status":"closed","ping_status":"closed","template":"","meta":{"_seopress_robots_primary_cat":"","_seopress_titles_title":"PDF schreiben - Lieferung von Druckmaterial | Color Druckerei","_seopress_titles_desc":"Eine Schritt-f\u00fcr-Schritt-Anleitung f\u00fcr die Lieferung von Druckmaterial in Adobe InDesign als Beispiel. Erfahren Sie die Einzelheiten!","_seopress_robots_index":"","footnotes":""},"class_list":["post-18694","page","type-page","status-publish","hentry"],"_links":{"self":[{"href":"https:\/\/www.colornyomda.hu\/de\/wp-json\/wp\/v2\/pages\/18694","targetHints":{"allow":["GET"]}}],"collection":[{"href":"https:\/\/www.colornyomda.hu\/de\/wp-json\/wp\/v2\/pages"}],"about":[{"href":"https:\/\/www.colornyomda.hu\/de\/wp-json\/wp\/v2\/types\/page"}],"author":[{"embeddable":true,"href":"https:\/\/www.colornyomda.hu\/de\/wp-json\/wp\/v2\/users\/5"}],"replies":[{"embeddable":true,"href":"https:\/\/www.colornyomda.hu\/de\/wp-json\/wp\/v2\/comments?post=18694"}],"version-history":[{"count":0,"href":"https:\/\/www.colornyomda.hu\/de\/wp-json\/wp\/v2\/pages\/18694\/revisions"}],"wp:attachment":[{"href":"https:\/\/www.colornyomda.hu\/de\/wp-json\/wp\/v2\/media?parent=18694"}],"curies":[{"name":"wp","href":"https:\/\/api.w.org\/{rel}","templated":true}]}}