{"id":18689,"date":"2017-02-10T14:53:23","date_gmt":"2017-02-10T13:53:23","guid":{"rendered":"https:\/\/www.colornyomda.hu\/kapcsolat\/"},"modified":"2022-07-31T11:39:43","modified_gmt":"2022-07-31T11:39:43","slug":"kontakt","status":"publish","type":"page","link":"https:\/\/www.colornyomda.hu\/de\/kontakt\/","title":{"rendered":"Kontakt"},"content":{"rendered":"\t\t<div data-elementor-type=\"wp-page\" data-elementor-id=\"18689\" class=\"elementor elementor-18689 elementor-1548\" data-elementor-post-type=\"page\">\n\t\t\t\t\t\t<section class=\"elementor-section elementor-top-section elementor-element elementor-element-1a2aa24 elementor-section-boxed elementor-section-height-default elementor-section-height-default\" data-id=\"1a2aa24\" data-element_type=\"section\" data-e-type=\"section\">\n\t\t\t\t\t\t<div class=\"elementor-container elementor-column-gap-default\">\n\t\t\t\t\t<div class=\"elementor-column elementor-col-100 elementor-top-column elementor-element elementor-element-1a2b373\" data-id=\"1a2b373\" data-element_type=\"column\" data-e-type=\"column\">\n\t\t\t<div class=\"elementor-widget-wrap elementor-element-populated\">\n\t\t\t\t\t\t<div class=\"elementor-element elementor-element-1a2b7a0 elementor-widget elementor-widget-text-editor\" data-id=\"1a2b7a0\" data-element_type=\"widget\" data-e-type=\"widget\" data-widget_type=\"text-editor.default\">\n\t\t\t\t<div class=\"elementor-widget-container\">\n\t\t\t\t\t\t\t\t\t<p><strong>Wenn Sie ein Angebot anfordern, senden Sie es bitte schriftlich an ugyfelszolgalat@colornyomda.hu, um eine reibungslose Abwicklung zu gew\u00e4hrleisten! Unsere Kollegen werden Ihnen innerhalb von 24 Stunden unser Angebot zusenden oder, falls dies nicht m\u00f6glich ist, sich f\u00fcr eine weitere Beratung mit Ihnen in Verbindung setzen.<\/strong><\/p>\n<p>Wir sind an jedem Wochentag von 8 bis 17 Uhr f\u00fcr alle anderen Ausgaben bereit.<\/p>\n\t\t\t\t\t\t\t\t<\/div>\n\t\t\t\t<\/div>\n\t\t\t\t\t<\/div>\n\t\t<\/div>\n\t\t\t\t\t<\/div>\n\t\t<\/section>\n\t\t\t\t<section class=\"elementor-section elementor-top-section elementor-element elementor-element-1a2ba5a elementor-section-boxed elementor-section-height-default elementor-section-height-default\" data-id=\"1a2ba5a\" data-element_type=\"section\" data-e-type=\"section\" data-settings=\"{&quot;background_background&quot;:&quot;classic&quot;}\">\n\t\t\t\t\t\t<div class=\"elementor-container elementor-column-gap-default\">\n\t\t\t\t\t<div class=\"elementor-column elementor-col-100 elementor-top-column elementor-element elementor-element-1a2c193\" data-id=\"1a2c193\" data-element_type=\"column\" data-e-type=\"column\" data-settings=\"{&quot;background_background&quot;:&quot;classic&quot;}\">\n\t\t\t<div class=\"elementor-widget-wrap elementor-element-populated\">\n\t\t\t\t\t\t<div class=\"elementor-element elementor-element-1a2c7b1 elementor-widget elementor-widget-vc_custom_heading\" data-id=\"1a2c7b1\" data-element_type=\"widget\" data-e-type=\"widget\" data-widget_type=\"vc_custom_heading.default\">\n\t\t\t\t<div class=\"elementor-widget-container\">\n\t\t\t\t\t<div class=\" vc_custom_heading border_base_color consulting_heading_font  text_align_left title_no_stripe\" ><h2 style=\"font-size: 20px;color: #222222;text-align: left;line-height: 45px;font-weight:700\" class=\"consulting-custom-title\">Color Nyomda Buda\u00f6rs\n<\/h2><\/div>\t\t\t\t<\/div>\n\t\t\t\t<\/div>\n\t\t\t\t<div class=\"elementor-element elementor-element-1a2cc74 elementor-widget elementor-widget-stm_contacts_widget\" data-id=\"1a2cc74\" data-element_type=\"widget\" data-e-type=\"widget\" data-widget_type=\"stm_contacts_widget.default\">\n\t\t\t\t<div class=\"elementor-widget-container\">\n\t\t\t\t\t\n<div class=\"stm_contacts_widget consulting_elementor_contacts_widget style_4 \">\n    \n    \n    \n        <ul>\n                            <li>\n                    <div class=\"icon\"><i class=\"fa fa-map-marker\"><\/i><\/div>\n                    <div class=\"text\">H-2040 Buda\u00f6rs, Teller Ede krt. 770. (BITEP)<\/div>\n                <\/li>\n                                                                <li>\n                    <div class=\"icon\"><i class=\"fa fa-envelope\"><\/i><\/div>\n                    <div class=\"text\"><a href=\"mailto:in&#102;o&#64;co&#108;&#111;r&#110;&#121;&#111;&#109;&#100;&#97;&#46;h&#117;\">info&#64;co&#108;&#111;&#114;&#110;&#121;&#111;m&#100;&#97;&#46;h&#117;<\/a><\/div>\n                <\/li>\n                                        <li>\n                    <div class=\"icon\"><i class=\"fa fa-clock-o\" aria-hidden=\"true\"><\/i><\/div>\n                    <div class=\"text\">Mo-Fr: 8.00 - 17.00<br \/>\nSa-So: Geschlossen<\/div>\n                <\/li>\n                    <\/ul>\n        \n    \n<\/div>\t\t\t\t<\/div>\n\t\t\t\t<\/div>\n\t\t\t\t<div class=\"elementor-element elementor-element-f436e65 elementor-widget elementor-widget-vc_custom_heading\" data-id=\"f436e65\" data-element_type=\"widget\" data-e-type=\"widget\" data-widget_type=\"vc_custom_heading.default\">\n\t\t\t\t<div class=\"elementor-widget-container\">\n\t\t\t\t\t<div class=\" vc_custom_heading border_base_color consulting_heading_font  text_align_left title_no_stripe\" ><h2 style=\"font-size: 20px;color: #222222;text-align: left;line-height: 45px;font-weight:700\" class=\"consulting-custom-title\">Werk in T\u00f6r\u00f6kb\u00e1lint\n<\/h2><\/div>\t\t\t\t<\/div>\n\t\t\t\t<\/div>\n\t\t\t\t<div class=\"elementor-element elementor-element-5c70b33 elementor-widget elementor-widget-stm_contacts_widget\" data-id=\"5c70b33\" data-element_type=\"widget\" data-e-type=\"widget\" data-widget_type=\"stm_contacts_widget.default\">\n\t\t\t\t<div class=\"elementor-widget-container\">\n\t\t\t\t\t\n<div class=\"stm_contacts_widget consulting_elementor_contacts_widget style_4 \">\n    \n    \n    \n        <ul>\n                            <li>\n                    <div class=\"icon\"><i class=\"fa fa-map-marker\"><\/i><\/div>\n                    <div class=\"text\">H-2045 T\u00f6r\u00f6kb\u00e1lint, Di\u00f3sdi \u00fat 1.<\/div>\n                <\/li>\n                                                                            <li>\n                    <div class=\"icon\"><i class=\"fa fa-clock-o\" aria-hidden=\"true\"><\/i><\/div>\n                    <div class=\"text\">Kein Kundenempfang!<\/div>\n                <\/li>\n                    <\/ul>\n        \n    \n<\/div>\t\t\t\t<\/div>\n\t\t\t\t<\/div>\n\t\t\t\t<div class=\"elementor-element elementor-element-db4cb7c elementor-widget elementor-widget-vc_custom_heading\" data-id=\"db4cb7c\" data-element_type=\"widget\" data-e-type=\"widget\" data-widget_type=\"vc_custom_heading.default\">\n\t\t\t\t<div class=\"elementor-widget-container\">\n\t\t\t\t\t<div class=\" vc_custom_heading border_base_color consulting_heading_font  text_align_left title_no_stripe\" ><h2 style=\"font-size: 20px;color: #222222;text-align: left;line-height: 45px;font-weight:700\" class=\"consulting-custom-title\">Werk in Ny\u00edregyh\u00e1za\n<\/h2><\/div>\t\t\t\t<\/div>\n\t\t\t\t<\/div>\n\t\t\t\t<div class=\"elementor-element elementor-element-01a0c98 elementor-widget elementor-widget-stm_contacts_widget\" data-id=\"01a0c98\" data-element_type=\"widget\" data-e-type=\"widget\" data-widget_type=\"stm_contacts_widget.default\">\n\t\t\t\t<div class=\"elementor-widget-container\">\n\t\t\t\t\t\n<div class=\"stm_contacts_widget consulting_elementor_contacts_widget style_4 \">\n    \n    \n    \n        <ul>\n                            <li>\n                    <div class=\"icon\"><i class=\"fa fa-map-marker\"><\/i><\/div>\n                    <div class=\"text\">H-4400 Ny\u00edregyh\u00e1za, Kosbor utca 13.<\/div>\n                <\/li>\n                                                                            <li>\n                    <div class=\"icon\"><i class=\"fa fa-clock-o\" aria-hidden=\"true\"><\/i><\/div>\n                    <div class=\"text\">Kein Kundenempfang!<\/div>\n                <\/li>\n                    <\/ul>\n        \n    \n<\/div>\t\t\t\t<\/div>\n\t\t\t\t<\/div>\n\t\t\t\t\t<\/div>\n\t\t<\/div>\n\t\t\t\t<div class=\"elementor-column elementor-col-100 elementor-top-column elementor-element elementor-element-1a2cdb3\" data-id=\"1a2cdb3\" data-element_type=\"column\" data-e-type=\"column\" data-settings=\"{&quot;background_background&quot;:&quot;classic&quot;}\">\n\t\t\t<div class=\"elementor-widget-wrap elementor-element-populated\">\n\t\t\t\t\t\t<div class=\"elementor-element elementor-element-1a2d310 elementor-widget elementor-widget-vc_custom_heading\" data-id=\"1a2d310\" data-element_type=\"widget\" data-e-type=\"widget\" data-widget_type=\"vc_custom_heading.default\">\n\t\t\t\t<div class=\"elementor-widget-container\">\n\t\t\t\t\t<div class=\" vc_custom_heading border_base_color consulting_heading_font  text_align_left title_no_stripe\" ><h2 style=\"font-size: 20px;color: #222222;text-align: left;line-height: 45px;font-weight:700\" class=\"consulting-custom-title\">Aj\u00e1nlatk\u00e9r\u00e9s\n<\/h2><\/div>\t\t\t\t<\/div>\n\t\t\t\t<\/div>\n\t\t\t\t<section class=\"elementor-section elementor-inner-section elementor-element elementor-element-6d19aed elementor-section-boxed elementor-section-height-default elementor-section-height-default\" data-id=\"6d19aed\" data-element_type=\"section\" data-e-type=\"section\">\n\t\t\t\t\t\t<div class=\"elementor-container elementor-column-gap-default\">\n\t\t\t\t\t<div class=\"elementor-column elementor-col-100 elementor-inner-column elementor-element elementor-element-5e1b358\" data-id=\"5e1b358\" data-element_type=\"column\" data-e-type=\"column\">\n\t\t\t<div class=\"elementor-widget-wrap elementor-element-populated\">\n\t\t\t\t\t\t<div class=\"elementor-element elementor-element-d1db0a9 elementor-widget elementor-widget-vc_custom_heading\" data-id=\"d1db0a9\" data-element_type=\"widget\" data-e-type=\"widget\" data-widget_type=\"vc_custom_heading.default\">\n\t\t\t\t<div class=\"elementor-widget-container\">\n\t\t\t\t\t<div class=\" vc_custom_heading  consulting_heading_font  text_align_left title_no_stripe\" ><h3 style=\"text-align: left\" class=\"consulting-custom-title\">Barbara Mezei\n<\/h3><\/div>\t\t\t\t<\/div>\n\t\t\t\t<\/div>\n\t\t\t\t<div class=\"elementor-element elementor-element-69c07e6 elementor-widget elementor-widget-heading\" data-id=\"69c07e6\" data-element_type=\"widget\" data-e-type=\"widget\" data-widget_type=\"heading.default\">\n\t\t\t\t<div class=\"elementor-widget-container\">\n\t\t\t\t\t<p class=\"elementor-heading-title elementor-size-default\">key account manager<\/p>\t\t\t\t<\/div>\n\t\t\t\t<\/div>\n\t\t\t\t<div class=\"elementor-element elementor-element-cc5c6a7 elementor-align-start elementor-mobile-align-start elementor-icon-list--layout-traditional elementor-list-item-link-full_width elementor-widget elementor-widget-icon-list\" data-id=\"cc5c6a7\" data-element_type=\"widget\" data-e-type=\"widget\" data-widget_type=\"icon-list.default\">\n\t\t\t\t<div class=\"elementor-widget-container\">\n\t\t\t\t\t\t\t<ul class=\"elementor-icon-list-items\">\n\t\t\t\t\t\t\t<li class=\"elementor-icon-list-item\">\n\t\t\t\t\t\t\t\t\t\t\t<a href=\"tel:+36306152156\">\n\n\t\t\t\t\t\t\t\t\t\t\t<span class=\"elementor-icon-list-text\">+36 30 615 2156<\/span>\n\t\t\t\t\t\t\t\t\t\t\t<\/a>\n\t\t\t\t\t\t\t\t\t<\/li>\n\t\t\t\t\t\t<\/ul>\n\t\t\t\t\t\t<\/div>\n\t\t\t\t<\/div>\n\t\t\t\t<div class=\"elementor-element elementor-element-ec1d64c elementor-align-start elementor-mobile-align-start elementor-icon-list--layout-traditional elementor-list-item-link-full_width elementor-widget elementor-widget-icon-list\" data-id=\"ec1d64c\" data-element_type=\"widget\" data-e-type=\"widget\" data-widget_type=\"icon-list.default\">\n\t\t\t\t<div class=\"elementor-widget-container\">\n\t\t\t\t\t\t\t<ul class=\"elementor-icon-list-items\">\n\t\t\t\t\t\t\t<li class=\"elementor-icon-list-item\">\n\t\t\t\t\t\t\t\t\t\t\t<a href=\"mailto:mezei.barbara@colornyomda.hu\">\n\n\t\t\t\t\t\t\t\t\t\t\t<span class=\"elementor-icon-list-text\">mezei.barbara@colornyomda.hu<\/span>\n\t\t\t\t\t\t\t\t\t\t\t<\/a>\n\t\t\t\t\t\t\t\t\t<\/li>\n\t\t\t\t\t\t<\/ul>\n\t\t\t\t\t\t<\/div>\n\t\t\t\t<\/div>\n\t\t\t\t\t<\/div>\n\t\t<\/div>\n\t\t\t\t\t<\/div>\n\t\t<\/section>\n\t\t\t\t<section class=\"elementor-section elementor-inner-section elementor-element elementor-element-5e04978 elementor-section-boxed elementor-section-height-default elementor-section-height-default\" data-id=\"5e04978\" data-element_type=\"section\" data-e-type=\"section\">\n\t\t\t\t\t\t<div class=\"elementor-container elementor-column-gap-default\">\n\t\t\t\t\t<div class=\"elementor-column elementor-col-100 elementor-inner-column elementor-element elementor-element-243b0a8\" data-id=\"243b0a8\" data-element_type=\"column\" data-e-type=\"column\">\n\t\t\t<div class=\"elementor-widget-wrap elementor-element-populated\">\n\t\t\t\t\t\t<div class=\"elementor-element elementor-element-05558f2 elementor-widget elementor-widget-vc_custom_heading\" data-id=\"05558f2\" data-element_type=\"widget\" data-e-type=\"widget\" data-widget_type=\"vc_custom_heading.default\">\n\t\t\t\t<div class=\"elementor-widget-container\">\n\t\t\t\t\t<div class=\" vc_custom_heading  consulting_heading_font  text_align_left title_no_stripe\" ><h3 style=\"text-align: left\" class=\"consulting-custom-title\">Yvette Nagy\n<\/h3><\/div>\t\t\t\t<\/div>\n\t\t\t\t<\/div>\n\t\t\t\t<div class=\"elementor-element elementor-element-ad03af1 elementor-widget elementor-widget-heading\" data-id=\"ad03af1\" data-element_type=\"widget\" data-e-type=\"widget\" data-widget_type=\"heading.default\">\n\t\t\t\t<div class=\"elementor-widget-container\">\n\t\t\t\t\t<p class=\"elementor-heading-title elementor-size-default\">POS manager<\/p>\t\t\t\t<\/div>\n\t\t\t\t<\/div>\n\t\t\t\t<div class=\"elementor-element elementor-element-e8cc5a8 elementor-align-start elementor-icon-list--layout-traditional elementor-list-item-link-full_width elementor-widget elementor-widget-icon-list\" data-id=\"e8cc5a8\" data-element_type=\"widget\" data-e-type=\"widget\" data-widget_type=\"icon-list.default\">\n\t\t\t\t<div class=\"elementor-widget-container\">\n\t\t\t\t\t\t\t<ul class=\"elementor-icon-list-items\">\n\t\t\t\t\t\t\t<li class=\"elementor-icon-list-item\">\n\t\t\t\t\t\t\t\t\t\t\t<a href=\"tel:+36307166379\">\n\n\t\t\t\t\t\t\t\t\t\t\t<span class=\"elementor-icon-list-text\">+36 30 716 6379<\/span>\n\t\t\t\t\t\t\t\t\t\t\t<\/a>\n\t\t\t\t\t\t\t\t\t<\/li>\n\t\t\t\t\t\t<\/ul>\n\t\t\t\t\t\t<\/div>\n\t\t\t\t<\/div>\n\t\t\t\t<div class=\"elementor-element elementor-element-ac013ac elementor-align-start elementor-mobile-align-start elementor-icon-list--layout-traditional elementor-list-item-link-full_width elementor-widget elementor-widget-icon-list\" data-id=\"ac013ac\" data-element_type=\"widget\" data-e-type=\"widget\" data-widget_type=\"icon-list.default\">\n\t\t\t\t<div class=\"elementor-widget-container\">\n\t\t\t\t\t\t\t<ul class=\"elementor-icon-list-items\">\n\t\t\t\t\t\t\t<li class=\"elementor-icon-list-item\">\n\t\t\t\t\t\t\t\t\t\t\t<a href=\"mailto:yvette.nagy@colornyomda.hu\">\n\n\t\t\t\t\t\t\t\t\t\t\t<span class=\"elementor-icon-list-text\">yvette.nagy@colornyomda.hu<\/span>\n\t\t\t\t\t\t\t\t\t\t\t<\/a>\n\t\t\t\t\t\t\t\t\t<\/li>\n\t\t\t\t\t\t<\/ul>\n\t\t\t\t\t\t<\/div>\n\t\t\t\t<\/div>\n\t\t\t\t\t<\/div>\n\t\t<\/div>\n\t\t\t\t\t<\/div>\n\t\t<\/section>\n\t\t\t\t\t<\/div>\n\t\t<\/div>\n\t\t\t\t<div class=\"elementor-column elementor-col-100 elementor-top-column elementor-element elementor-element-1a2e2a8\" data-id=\"1a2e2a8\" data-element_type=\"column\" data-e-type=\"column\" data-settings=\"{&quot;background_background&quot;:&quot;classic&quot;}\">\n\t\t\t<div class=\"elementor-widget-wrap elementor-element-populated\">\n\t\t\t\t\t\t<div class=\"elementor-element elementor-element-1a2e858 elementor-widget elementor-widget-vc_custom_heading\" data-id=\"1a2e858\" data-element_type=\"widget\" data-e-type=\"widget\" data-widget_type=\"vc_custom_heading.default\">\n\t\t\t\t<div class=\"elementor-widget-container\">\n\t\t\t\t\t<div class=\" vc_custom_heading border_base_color consulting_heading_font  text_align_left title_no_stripe\" ><h2 style=\"font-size: 20px;color: #222222;text-align: left;line-height: 45px;font-weight:700\" class=\"consulting-custom-title\">Gesch\u00e4ftsf\u00fchrer\n<\/h2><\/div>\t\t\t\t<\/div>\n\t\t\t\t<\/div>\n\t\t\t\t<section class=\"elementor-section elementor-inner-section elementor-element elementor-element-8d51863 elementor-section-boxed elementor-section-height-default elementor-section-height-default\" data-id=\"8d51863\" data-element_type=\"section\" data-e-type=\"section\">\n\t\t\t\t\t\t<div class=\"elementor-container elementor-column-gap-default\">\n\t\t\t\t\t<div class=\"elementor-column elementor-col-100 elementor-inner-column elementor-element elementor-element-db4a25c\" data-id=\"db4a25c\" data-element_type=\"column\" data-e-type=\"column\">\n\t\t\t<div class=\"elementor-widget-wrap elementor-element-populated\">\n\t\t\t\t\t\t<div class=\"elementor-element elementor-element-e1a6668 elementor-widget elementor-widget-vc_custom_heading\" data-id=\"e1a6668\" data-element_type=\"widget\" data-e-type=\"widget\" data-widget_type=\"vc_custom_heading.default\">\n\t\t\t\t<div class=\"elementor-widget-container\">\n\t\t\t\t\t<div class=\" vc_custom_heading  consulting_heading_font  text_align_left title_no_stripe\" ><h3 style=\"text-align: left\" class=\"consulting-custom-title\">Norbert Nagy\n<\/h3><\/div>\t\t\t\t<\/div>\n\t\t\t\t<\/div>\n\t\t\t\t<div class=\"elementor-element elementor-element-108ea00 elementor-align-start elementor-mobile-align-start elementor-icon-list--layout-traditional elementor-list-item-link-full_width elementor-widget elementor-widget-icon-list\" data-id=\"108ea00\" data-element_type=\"widget\" data-e-type=\"widget\" data-widget_type=\"icon-list.default\">\n\t\t\t\t<div class=\"elementor-widget-container\">\n\t\t\t\t\t\t\t<ul class=\"elementor-icon-list-items\">\n\t\t\t\t\t\t\t<li class=\"elementor-icon-list-item\">\n\t\t\t\t\t\t\t\t\t\t\t<a href=\"mailto:nagy.norbert@colornyomda.hu\">\n\n\t\t\t\t\t\t\t\t\t\t\t<span class=\"elementor-icon-list-text\">nagy.norbert@colornyomda.hu<\/span>\n\t\t\t\t\t\t\t\t\t\t\t<\/a>\n\t\t\t\t\t\t\t\t\t<\/li>\n\t\t\t\t\t\t<\/ul>\n\t\t\t\t\t\t<\/div>\n\t\t\t\t<\/div>\n\t\t\t\t\t<\/div>\n\t\t<\/div>\n\t\t\t\t\t<\/div>\n\t\t<\/section>\n\t\t\t\t<div class=\"elementor-element elementor-element-1a2ebb5 elementor-widget elementor-widget-text-editor\" data-id=\"1a2ebb5\" data-element_type=\"widget\" data-e-type=\"widget\" data-widget_type=\"text-editor.default\">\n\t\t\t\t<div class=\"elementor-widget-container\">\n\t\t\t\t\t\t\t\t\t<p>Unser Verband bietet all seinen Kunden alle seine Druckdienstleistungen an. Unsere Hauptaufgabe ist es, Ihre Ideen zu verwirklichen und zu Papier zu bringen.<\/p>\n<p><strong>Unser Motto: \u201e\u201cQualit\u00e4tsdrucken in kurzer Zeit.&#8221;<\/strong> Wir produzieren auch eine gro\u00dfe Auswahl an farbenfrohen und ungef\u00e4rbten Materialien, und unter Ber\u00fccksichtigung des Preisbewusstseins unserer Kunden legen wir gro\u00dfen Wert auf die Optimierung der Druckpreise.<\/p>\n<p>Ob kleine oder gro\u00dfe Chargen oder einzigartige\u00a0 Ideen, wir sind bestrebt, alle Ihre Bed\u00fcrfnisse in bester Qualit\u00e4t zu erf\u00fcllen.<\/p>\n<p>Sie k\u00f6nnen sicher sein, dass das <strong>Drucken mit professionellen L\u00f6sungen verbunden ist.<\/strong><\/p>\n\t\t\t\t\t\t\t\t<\/div>\n\t\t\t\t<\/div>\n\t\t\t\t\t<\/div>\n\t\t<\/div>\n\t\t\t\t\t<\/div>\n\t\t<\/section>\n\t\t\t\t<section class=\"elementor-section elementor-top-section elementor-element elementor-element-1a2f35a elementor-section-boxed elementor-section-height-default elementor-section-height-default\" data-id=\"1a2f35a\" data-element_type=\"section\" data-e-type=\"section\" data-settings=\"{&quot;background_background&quot;:&quot;classic&quot;}\">\n\t\t\t\t\t\t<div class=\"elementor-container elementor-column-gap-default\">\n\t\t\t\t\t<div class=\"elementor-column elementor-col-100 elementor-top-column elementor-element elementor-element-1a2fa04\" data-id=\"1a2fa04\" data-element_type=\"column\" data-e-type=\"column\">\n\t\t\t<div class=\"elementor-widget-wrap elementor-element-populated\">\n\t\t\t\t\t\t<div class=\"elementor-element elementor-element-1a2ff15 elementor-widget elementor-widget-google_maps\" data-id=\"1a2ff15\" data-element_type=\"widget\" data-e-type=\"widget\" data-widget_type=\"google_maps.default\">\n\t\t\t\t<div class=\"elementor-widget-container\">\n\t\t\t\t\t\t\t<div class=\"elementor-custom-embed\">\n\t\t\t<iframe loading=\"lazy\"\n\t\t\t\t\tsrc=\"https:\/\/maps.google.com\/maps?q=2040%20Buda%C3%B6rs%2C%20Teller%20Ede%20krt.%20770.&#038;t=m&#038;z=11&#038;output=embed&#038;iwloc=near\"\n\t\t\t\t\ttitle=\"2040 Buda\u00f6rs, Teller Ede krt. 770.\"\n\t\t\t\t\taria-label=\"2040 Buda\u00f6rs, Teller Ede krt. 770.\"\n\t\t\t><\/iframe>\n\t\t<\/div>\n\t\t\t\t\t\t<\/div>\n\t\t\t\t<\/div>\n\t\t\t\t\t<\/div>\n\t\t<\/div>\n\t\t\t\t\t<\/div>\n\t\t<\/section>\n\t\t\t\t<\/div>\n\t\t","protected":false},"excerpt":{"rendered":"<p>Wenn Sie ein Angebot anfordern, senden Sie es bitte schriftlich an ugyfelszolgalat@colornyomda.hu, um eine reibungslose Abwicklung zu gew\u00e4hrleisten! Unsere Kollegen werden Ihnen innerhalb von 24 Stunden unser Angebot zusenden oder, falls dies nicht m\u00f6glich ist, sich f\u00fcr eine weitere Beratung mit Ihnen in Verbindung setzen. Wir sind an jedem Wochentag von 8 bis 17 Uhr<\/p>\n","protected":false},"author":5,"featured_media":0,"parent":0,"menu_order":0,"comment_status":"closed","ping_status":"closed","template":"","meta":{"_seopress_robots_primary_cat":"","_seopress_titles_title":"Kontaktdaten | Color Druckerei","_seopress_titles_desc":"Unsere Kontaktdaten \ud83d\udd38 E-Mail-Adresse: info@colornyomda.hu \ud83d\udd38 Adresse: H-2040 Buda\u00f6rs, Teller Ede krt. 770. \ud83d\udd38 Mo-Fr: 8.00 - 17.00 Uhr","_seopress_robots_index":"","footnotes":""},"class_list":["post-18689","page","type-page","status-publish","hentry"],"_links":{"self":[{"href":"https:\/\/www.colornyomda.hu\/de\/wp-json\/wp\/v2\/pages\/18689","targetHints":{"allow":["GET"]}}],"collection":[{"href":"https:\/\/www.colornyomda.hu\/de\/wp-json\/wp\/v2\/pages"}],"about":[{"href":"https:\/\/www.colornyomda.hu\/de\/wp-json\/wp\/v2\/types\/page"}],"author":[{"embeddable":true,"href":"https:\/\/www.colornyomda.hu\/de\/wp-json\/wp\/v2\/users\/5"}],"replies":[{"embeddable":true,"href":"https:\/\/www.colornyomda.hu\/de\/wp-json\/wp\/v2\/comments?post=18689"}],"version-history":[{"count":0,"href":"https:\/\/www.colornyomda.hu\/de\/wp-json\/wp\/v2\/pages\/18689\/revisions"}],"wp:attachment":[{"href":"https:\/\/www.colornyomda.hu\/de\/wp-json\/wp\/v2\/media?parent=18689"}],"curies":[{"name":"wp","href":"https:\/\/api.w.org\/{rel}","templated":true}]}}