{"id":18687,"date":"2021-09-20T10:10:35","date_gmt":"2021-09-20T10:10:35","guid":{"rendered":"https:\/\/www.colornyomda.hu\/impresszum\/"},"modified":"2022-07-30T13:50:35","modified_gmt":"2022-07-30T13:50:35","slug":"impressum","status":"publish","type":"page","link":"https:\/\/www.colornyomda.hu\/de\/impressum\/","title":{"rendered":"Impressum"},"content":{"rendered":"\t\t<div data-elementor-type=\"wp-page\" data-elementor-id=\"18687\" class=\"elementor elementor-18687 elementor-10976\" data-elementor-post-type=\"page\">\n\t\t\t\t\t\t<section class=\"elementor-section elementor-top-section elementor-element elementor-element-4a91381b elementor-section-boxed elementor-section-height-default elementor-section-height-default\" data-id=\"4a91381b\" data-element_type=\"section\" data-e-type=\"section\">\n\t\t\t\t\t\t<div class=\"elementor-container elementor-column-gap-default\">\n\t\t\t\t\t<div class=\"elementor-column elementor-col-100 elementor-top-column elementor-element elementor-element-5a014fbb\" data-id=\"5a014fbb\" data-element_type=\"column\" data-e-type=\"column\">\n\t\t\t<div class=\"elementor-widget-wrap elementor-element-populated\">\n\t\t\t\t\t\t<div class=\"elementor-element elementor-element-364f0074 elementor-widget elementor-widget-text-editor\" data-id=\"364f0074\" data-element_type=\"widget\" data-e-type=\"widget\" data-widget_type=\"text-editor.default\">\n\t\t\t\t<div class=\"elementor-widget-container\">\n\t\t\t\t\t\t\t\t\t<h2><strong>1. ANGABEN ZUM BETREIBER<\/strong><\/h2>\n<h3>Name des Betreibers:\u00a0<\/h3>\n<p>Print Pro Group Nyomdaipari Kft.<\/p>\n<h3>Hauptsitz des Betreibers:<\/h3>\n<p>H-2045 T\u00f6r\u00f6kb\u00e1lint, Di\u00f3sdi utca 1.<\/p>\n<h3>Postanschrift des Betreibers:<\/h3>\n<p>H-2045 T\u00f6r\u00f6kb\u00e1lint, Di\u00f3sdi utca 1.<\/p>\n<h3>Firmenregisternummer des Betreibers:<\/h3>\n<p>13 09 180564<\/p>\n<p>\u00a0<\/p>\n<p>\u00a0<\/p>\n<h2><strong>2. KONTAKTDATEN DES BEDIENERS<\/strong><\/h2>\n<h3>Kundendienst:<\/h3>\n<p>t\u00e4glich von 10:00 bis 16:00<\/p>\n<h3>E-Mail-Adresse:<\/h3>\n<p>info@colornyodma.hu<\/p>\n<p>\u00a0<\/p>\n<h2><strong>3. HOST DER WEBSITE DES BETREIBERS<\/strong><\/h2>\n<h3>Name der Firma:<\/h3>\n<p>Sybell Informatika Kft.<\/p>\n<h3>Sitz:<\/h3>\n<p>H-1158 Budapest, K\u00e9sm\u00e1rk utca 7\/B 2. em. 206<\/p>\n<h3>Anschrift:<\/h3>\n<p>H-1158 Budapest, K\u00e9sm\u00e1rk utca 7\/B 2. em. 206<\/p>\n<h3>Steuernummer:<\/h3>\n<p>25859502242<\/p>\n<h3>Telefon:<\/h3>\n<p>(+36) 1 707 6726<\/p>\n<h3>E-Mail-Adresse:\u00a0<\/h3>\n<p>info@sybell.hu<\/p><\/p>\n\t\t\t\t\t\t\t\t<\/div>\n\t\t\t\t<\/div>\n\t\t\t\t\t<\/div>\n\t\t<\/div>\n\t\t\t\t\t<\/div>\n\t\t<\/section>\n\t\t\t\t<\/div>\n\t\t","protected":false},"excerpt":{"rendered":"<p>1. ANGABEN ZUM BETREIBER Name des Betreibers:\u00a0 Print Pro Group Nyomdaipari Kft. Hauptsitz des Betreibers: H-2045 T\u00f6r\u00f6kb\u00e1lint, Di\u00f3sdi utca 1. Postanschrift des Betreibers: H-2045 T\u00f6r\u00f6kb\u00e1lint, Di\u00f3sdi utca 1. Firmenregisternummer des Betreibers: 13 09 180564 \u00a0 \u00a0 2. KONTAKTDATEN DES BEDIENERS Kundendienst: t\u00e4glich von 10:00 bis 16:00 E-Mail-Adresse: info@colornyodma.hu \u00a0 3. HOST DER WEBSITE DES BETREIBERS<\/p>\n","protected":false},"author":5,"featured_media":0,"parent":0,"menu_order":0,"comment_status":"closed","ping_status":"closed","template":"","meta":{"_seopress_robots_primary_cat":"","_seopress_titles_title":"Impresszum | Color Nyomda","_seopress_titles_desc":"A colornyomda.hu honlap \u00fczemeltet\u0151j\u00e9nek adatai \u00e9s el\u00e9rhet\u0151s\u00e9ge, illetve a weboldal t\u00e1rhelyszolg\u00e1ltat\u00f3ja \u00e9s adatai. Ismerje meg a r\u00e9szleteket!","_seopress_robots_index":"","footnotes":""},"class_list":["post-18687","page","type-page","status-publish","hentry"],"_links":{"self":[{"href":"https:\/\/www.colornyomda.hu\/de\/wp-json\/wp\/v2\/pages\/18687","targetHints":{"allow":["GET"]}}],"collection":[{"href":"https:\/\/www.colornyomda.hu\/de\/wp-json\/wp\/v2\/pages"}],"about":[{"href":"https:\/\/www.colornyomda.hu\/de\/wp-json\/wp\/v2\/types\/page"}],"author":[{"embeddable":true,"href":"https:\/\/www.colornyomda.hu\/de\/wp-json\/wp\/v2\/users\/5"}],"replies":[{"embeddable":true,"href":"https:\/\/www.colornyomda.hu\/de\/wp-json\/wp\/v2\/comments?post=18687"}],"version-history":[{"count":0,"href":"https:\/\/www.colornyomda.hu\/de\/wp-json\/wp\/v2\/pages\/18687\/revisions"}],"wp:attachment":[{"href":"https:\/\/www.colornyomda.hu\/de\/wp-json\/wp\/v2\/media?parent=18687"}],"curies":[{"name":"wp","href":"https:\/\/api.w.org\/{rel}","templated":true}]}}